{"id":3825,"date":"2022-04-08T13:02:05","date_gmt":"2022-04-08T11:02:05","guid":{"rendered":"https:\/\/healthplus-inkubator.blogs.ruhr-uni-bochum.de\/?page_id=3825"},"modified":"2023-12-18T13:31:21","modified_gmt":"2023-12-18T12:31:21","slug":"imprint","status":"publish","type":"page","link":"https:\/\/healthplus.ruhr-uni-bochum.de\/de\/imprint\/","title":{"rendered":"About this Website"},"content":{"rendered":"<div class=\"wpb-content-wrapper\"><div class=\"vc_row wpb_row vc_row-fluid\"><div class=\"wpb_column vc_column_container vc_col-sm-6\"><div class=\"vc_column-inner\"><div class=\"wpb_wrapper\">\n\t<div class=\"wpb_text_column wpb_content_element\" >\n\t\t<div class=\"wpb_wrapper\">\n\t\t\t<h2><strong>Legal Notice<\/strong><\/h2>\n<p>&nbsp;<\/p>\n<h2><\/h2>\n\n\t\t<\/div>\n\t<\/div>\n<\/div><\/div><\/div><div class=\"wpb_column vc_column_container vc_col-sm-6\"><div class=\"vc_column-inner\"><div class=\"wpb_wrapper\">\n\t<div class=\"wpb_text_column wpb_content_element\" >\n\t\t<div class=\"wpb_wrapper\">\n\t\t\t<p>Health+ Inkubator<\/p>\n<p>Ruhr-Uni\u00adver\u00adsi\u00adt\u00e4t Bo\u00adchum<br \/>\nUni\u00adver\u00adsi\u00adt\u00e4ts\u00adstra\u00ad\u00dfe 134, 3.01-3.03<br \/>\n44801 Bo\u00adchum<br \/>\nT +49 234 3219222<br \/>\nE-Mail: healthplus-inkubator@rub.de<\/p>\n<p>Responsible party in accordance with the German Press Law (V.i.S.d.P.): Prof. Dr. Christian Klaes<\/p>\n<p>E-Mail: christian.klaes@rub.de<\/p>\n<p>&nbsp;<\/p>\n<p>Ruhr-Universit\u00e4t Bochum is a statutory corporation according to German law (K\u00f6rperschaft des \u00d6ffentlichen Rechts). It is legally represented by its Rector, Prof. Dr. Dr. h. c. Martin Paul.<br \/>\nResponsible according to \u00a7 55 art. 2 Interstate Broadcasting Agreement (RStV): Hubert Hundt, Administrative Department 8 \u2013 Corporate Communications, address as above.<\/p>\n<p>&nbsp;<\/p>\n<p>Disclaimer: Ruhr-Universit\u00e4t Bochum does not accept any liability or responsibility of the up-to-dateness, correctness and completeness of the information provided on its Internet pages. The same applies to the contents of external links.<\/p>\n\n\t\t<\/div>\n\t<\/div>\n<\/div><\/div><\/div><\/div>\n<\/div>","protected":false},"excerpt":{"rendered":"<p>Legal Notice &nbsp; Incubator Health+ Ruhr-Uni\u00adver\u00adsi\u00adt\u00e4t Bo\u00adchum Uni\u00adver\u00adsi\u00adt\u00e4ts\u00adstra\u00ad\u00dfe 134, 3.01-3.03 44801 Bo\u00adchum T +49 234 3219222 E-Mail: healthplus-inkubator@rub.de Responsible party in accordance with the German Press Law (V.i.S.d.P.): Prof. Dr. Christian Klaes E-Mail: christian.klaes@rub.de &nbsp; Ruhr-Universit\u00e4t Bochum is a statutory corporation according to German law (K\u00f6rperschaft des \u00d6ffentlichen Rechts). It is legally represented by its&hellip;<\/p>","protected":false},"author":2,"featured_media":5644,"parent":0,"menu_order":0,"comment_status":"closed","ping_status":"closed","template":"","meta":{"_monsterinsights_skip_tracking":false,"_monsterinsights_sitenote_active":false,"_monsterinsights_sitenote_note":"","_monsterinsights_sitenote_category":0,"footnotes":""},"class_list":["post-3825","page","type-page","status-publish","has-post-thumbnail","hentry","description-off"],"aioseo_notices":[],"_links":{"self":[{"href":"https:\/\/healthplus.ruhr-uni-bochum.de\/de\/wp-json\/wp\/v2\/pages\/3825","targetHints":{"allow":["GET"]}}],"collection":[{"href":"https:\/\/healthplus.ruhr-uni-bochum.de\/de\/wp-json\/wp\/v2\/pages"}],"about":[{"href":"https:\/\/healthplus.ruhr-uni-bochum.de\/de\/wp-json\/wp\/v2\/types\/page"}],"author":[{"embeddable":true,"href":"https:\/\/healthplus.ruhr-uni-bochum.de\/de\/wp-json\/wp\/v2\/users\/2"}],"replies":[{"embeddable":true,"href":"https:\/\/healthplus.ruhr-uni-bochum.de\/de\/wp-json\/wp\/v2\/comments?post=3825"}],"version-history":[{"count":0,"href":"https:\/\/healthplus.ruhr-uni-bochum.de\/de\/wp-json\/wp\/v2\/pages\/3825\/revisions"}],"wp:featuredmedia":[{"embeddable":true,"href":"https:\/\/healthplus.ruhr-uni-bochum.de\/de\/wp-json\/wp\/v2\/media\/5644"}],"wp:attachment":[{"href":"https:\/\/healthplus.ruhr-uni-bochum.de\/de\/wp-json\/wp\/v2\/media?parent=3825"}],"curies":[{"name":"wp","href":"https:\/\/api.w.org\/{rel}","templated":true}]}}