{"id":1481,"date":"2019-10-16T16:11:47","date_gmt":"2019-10-16T16:11:47","guid":{"rendered":"https:\/\/the7.io\/company\/?page_id=1481"},"modified":"2025-01-23T18:34:42","modified_gmt":"2025-01-23T17:34:42","slug":"home","status":"publish","type":"page","link":"https:\/\/healthplus.ruhr-uni-bochum.de\/de\/","title":{"rendered":"Home"},"content":{"rendered":"<div class=\"wpb-content-wrapper\"><div data-vc-full-width=\"true\" data-vc-full-width-temp=\"true\" data-vc-full-width-init=\"false\" class=\"vc_row wpb_row vc_row-fluid vc_custom_1701704248720 vc_row-has-fill\"><div class=\"wpb_column vc_column_container vc_col-sm-6\"><div class=\"vc_column-inner\"><div class=\"wpb_wrapper\"><div id=\"ultimate-heading-68269d04232b29b0\" class=\"uvc-heading ult-adjust-bottom-margin ultimate-heading-68269d04232b29b0 uvc-3209  uvc-heading-default-font-sizes\" data-hspacer=\"no_spacer\"  data-halign=\"left\" style=\"text-align:left\"><div class=\"uvc-heading-spacer no_spacer\" style=\"top\"><\/div><div class=\"uvc-main-heading ult-responsive\"  data-ultimate-target='.uvc-heading.ultimate-heading-68269d04232b29b0 h3'  data-responsive-json-new='{\"font-size\":\"\",\"line-height\":\"\"}' ><h3 style=\"font-weight:bold;color:#94c11c;margin-bottom:20px;\">H+ Incubator Announcement<\/h3><\/div><div class=\"uvc-sub-heading ult-responsive\"  data-ultimate-target='.uvc-heading.ultimate-heading-68269d04232b29b0 .uvc-sub-heading '  data-responsive-json-new='{\"font-size\":\"\",\"line-height\":\"\"}'  style=\"font-weight:normal;color:#ffffff;\"><strong>H+ Incubator is currently undergoing reorganization<\/strong><\/div><\/div>\n\t<div class=\"wpb_text_column wpb_content_element\" >\n\t\t<div class=\"wpb_wrapper\">\n\t\t\t<div style=\"color: #ffffff;\">\n<p>The H+ Incubator is currently undergoing reorganization. As a result, all curricular activities are paused at this time.<\/p>\n<p>For individual inquiries, please contact us at:\u00a0<a href=\"mailto:VRSummit@ruhr-uni-bochum.de\"><span class=\"header-title username\">VRSummit@ruhr-uni-bochum.de<\/span><\/a><\/p>\n<p>For updates and news about our VRS conference, please visit: <strong><a href=\"https:\/\/vrs.rub.de\" target=\"_new\" rel=\"noopener\">vrs.rub.de<\/a><\/strong><\/p>\n<\/div>\n\n\t\t<\/div>\n\t<\/div>\n<\/div><\/div><\/div><div class=\"wpb_column vc_column_container vc_col-sm-6\"><div class=\"vc_column-inner\"><div class=\"wpb_wrapper\">\n\t<div  class=\"wpb_single_image wpb_content_element vc_align_left\">\n\t\t\n\t\t<figure class=\"wpb_wrapper vc_figure\">\n\t\t\t<a href=\"https:\/\/healthplus.ruhr-uni-bochum.de\/de\/demo-day\/\" target=\"_blank\"  class=\"vc_single_image-wrapper   vc_box_border_grey layzr-bg rollover\"   ><img loading=\"lazy\" decoding=\"async\" width=\"565\" height=\"565\" src=\"data:image\/svg+xml;charset=utf-8,%3Csvg xmlns%3D'http%3A%2F%2Fwww.w3.org%2F2000%2Fsvg' viewBox%3D'0 0 565 565'%2F%3E\" data-src=\"https:\/\/healthplus.ruhr-uni-bochum.de\/wp-content\/uploads\/2025\/01\/VR-Summit-2024-565-x-565-px1.png\" class=\"lazy-load vc_single_image-img attachment-large\" alt=\"\" title=\"VR Summit 2024 (565 x 565 px)(1)\" data-srcset=\"https:\/\/healthplus.ruhr-uni-bochum.de\/wp-content\/uploads\/2025\/01\/VR-Summit-2024-565-x-565-px1.png 565w, https:\/\/healthplus.ruhr-uni-bochum.de\/wp-content\/uploads\/2025\/01\/VR-Summit-2024-565-x-565-px1-300x300.png 300w, https:\/\/healthplus.ruhr-uni-bochum.de\/wp-content\/uploads\/2025\/01\/VR-Summit-2024-565-x-565-px1-150x150.png 150w, https:\/\/healthplus.ruhr-uni-bochum.de\/wp-content\/uploads\/2025\/01\/VR-Summit-2024-565-x-565-px1-12x12.png 12w, https:\/\/healthplus.ruhr-uni-bochum.de\/wp-content\/uploads\/2025\/01\/VR-Summit-2024-565-x-565-px1-75x75.png 75w\" sizes=\"auto, (max-width: 565px) 100vw, 565px\"  data-dt-location=\"https:\/\/healthplus.ruhr-uni-bochum.de\/de\/home\/vr-summit-2024-565-x-565-px1\/\" \/><\/a>\n\t\t<\/figure>\n\t<\/div>\n<\/div><\/div><\/div><\/div><div class=\"vc_row-full-width vc_clearfix\"><\/div><div data-vc-full-width=\"true\" data-vc-full-width-temp=\"true\" data-vc-full-width-init=\"false\" class=\"vc_row wpb_row vc_row-fluid vc_custom_1575403409335 vc_row-has-fill vc_row-o-equal-height vc_row-flex\"><div class=\"wpb_column vc_column_container vc_col-sm-12\"><div class=\"vc_column-inner\"><div class=\"wpb_wrapper\"><div id=\"ultimate-heading-126669d04232b3cc4\" class=\"uvc-heading ult-adjust-bottom-margin ultimate-heading-126669d04232b3cc4 uvc-4281  uvc-heading-default-font-sizes\" data-hspacer=\"no_spacer\"  data-halign=\"left\" style=\"text-align:left\"><div class=\"uvc-heading-spacer no_spacer\" style=\"top\"><\/div><div class=\"uvc-main-heading ult-responsive\"  data-ultimate-target='.uvc-heading.ultimate-heading-126669d04232b3cc4 h2'  data-responsive-json-new='{\"font-size\":\"\",\"line-height\":\"\"}' ><h2 style=\"--font-weight:theme;color:#003560;margin-bottom:32px;\">Ideen und Anregungen?<\/h2><\/div><\/div>\n\t<div class=\"wpb_text_column wpb_content_element  vc_custom_1685716553041\" >\n\t\t<div class=\"wpb_wrapper\">\n\t\t\t<h4>Du hast eine Idee f\u00fcr ein neues Start-up und m\u00f6chtest mit jemandem dar\u00fcber sprechen? Wende dich direkt an unsere Gr\u00fcndungscoaches!<\/h4>\n\n\t\t<\/div>\n\t<\/div>\n<\/div><\/div><\/div><\/div><div class=\"vc_row-full-width vc_clearfix\"><\/div>\n<\/div>","protected":false},"excerpt":{"rendered":"<p>H+ Incubator AnnouncementH+ Incubator is currently undergoing reorganization The H+ Incubator is currently undergoing reorganization. As a result, all curricular activities are paused at this time. For individual inquiries, please contact us at:\u00a0VRSummit@ruhr-uni-bochum.de For updates and news about our VRS conference, please visit: vrs.rub.de Any ideas? You have an idea on a new start-up? Do&hellip;<\/p>","protected":false},"author":2,"featured_media":5644,"parent":0,"menu_order":0,"comment_status":"closed","ping_status":"closed","template":"","meta":{"_monsterinsights_skip_tracking":false,"_monsterinsights_sitenote_active":false,"_monsterinsights_sitenote_note":"","_monsterinsights_sitenote_category":0,"footnotes":""},"class_list":["post-1481","page","type-page","status-publish","has-post-thumbnail","hentry","description-off"],"aioseo_notices":[],"_links":{"self":[{"href":"https:\/\/healthplus.ruhr-uni-bochum.de\/de\/wp-json\/wp\/v2\/pages\/1481","targetHints":{"allow":["GET"]}}],"collection":[{"href":"https:\/\/healthplus.ruhr-uni-bochum.de\/de\/wp-json\/wp\/v2\/pages"}],"about":[{"href":"https:\/\/healthplus.ruhr-uni-bochum.de\/de\/wp-json\/wp\/v2\/types\/page"}],"author":[{"embeddable":true,"href":"https:\/\/healthplus.ruhr-uni-bochum.de\/de\/wp-json\/wp\/v2\/users\/2"}],"replies":[{"embeddable":true,"href":"https:\/\/healthplus.ruhr-uni-bochum.de\/de\/wp-json\/wp\/v2\/comments?post=1481"}],"version-history":[{"count":0,"href":"https:\/\/healthplus.ruhr-uni-bochum.de\/de\/wp-json\/wp\/v2\/pages\/1481\/revisions"}],"wp:featuredmedia":[{"embeddable":true,"href":"https:\/\/healthplus.ruhr-uni-bochum.de\/de\/wp-json\/wp\/v2\/media\/5644"}],"wp:attachment":[{"href":"https:\/\/healthplus.ruhr-uni-bochum.de\/de\/wp-json\/wp\/v2\/media?parent=1481"}],"curies":[{"name":"wp","href":"https:\/\/api.w.org\/{rel}","templated":true}]}}